{"id":289,"date":"2025-01-20T19:27:41","date_gmt":"2025-01-20T19:27:41","guid":{"rendered":"https:\/\/bavarodreamstravel.com\/?page_id=289"},"modified":"2025-02-18T16:38:59","modified_gmt":"2025-02-18T16:38:59","slug":"special-offers","status":"publish","type":"page","link":"https:\/\/bavarodreamstravel.com\/en\/ofertas-especiales\/","title":{"rendered":"Special Offers"},"content":{"rendered":"<div data-elementor-type=\"wp-page\" data-elementor-id=\"289\" class=\"elementor elementor-289\" data-elementor-post-type=\"page\">\n\t\t\t\t<div class=\"elementor-element elementor-element-69de5f5 e-con-full e-flex e-con e-parent\" data-id=\"69de5f5\" data-element_type=\"container\" data-e-type=\"container\" data-settings=\"{&quot;background_background&quot;:&quot;classic&quot;}\">\n\t\t<div class=\"elementor-element elementor-element-64b6d22 e-con-full e-flex e-con e-child\" data-id=\"64b6d22\" data-element_type=\"container\" data-e-type=\"container\">\n\t\t<div class=\"elementor-element elementor-element-0ee8920 e-con-full e-flex e-con e-child\" data-id=\"0ee8920\" data-element_type=\"container\" data-e-type=\"container\" data-settings=\"{&quot;background_background&quot;:&quot;classic&quot;}\">\n\t\t<div class=\"elementor-element elementor-element-170fd0f e-con-full e-flex elementor-invisible e-con e-child\" data-id=\"170fd0f\" data-element_type=\"container\" data-e-type=\"container\" data-settings=\"{&quot;animation&quot;:&quot;fadeInUp&quot;}\">\n\t\t\t\t<div class=\"elementor-element elementor-element-7b0a0ac elementor-widget elementor-widget-heading\" data-id=\"7b0a0ac\" data-element_type=\"widget\" data-e-type=\"widget\" data-widget_type=\"heading.default\">\n\t\t\t\t\t<h1 class=\"elementor-heading-title elementor-size-default\">Special Offers<\/h1>\t\t\t\t<\/div>\n\t\t\t\t<div class=\"elementor-element elementor-element-20cbc49 elementor-widget elementor-widget-heading\" data-id=\"20cbc49\" data-element_type=\"widget\" data-e-type=\"widget\" data-widget_type=\"heading.default\">\n\t\t\t\t\t<p class=\"elementor-heading-title elementor-size-default\">Discover the best offers and promotions to make your travel dreams come true with Bavaro Dreams Travel. Our commitment is to provide you with unforgettable experiences at incredible prices.<\/p>\t\t\t\t<\/div>\n\t\t\t\t<\/div>\n\t\t\t\t<\/div>\n\t\t\t\t<\/div>\n\t\t\t\t<\/div>\n\t\t<div class=\"elementor-element elementor-element-9ce9778 e-flex e-con-boxed elementor-invisible e-con e-parent\" data-id=\"9ce9778\" data-element_type=\"container\" data-e-type=\"container\" data-settings=\"{&quot;background_background&quot;:&quot;classic&quot;,&quot;animation&quot;:&quot;fadeIn&quot;}\">\n\t\t\t\t\t<div class=\"e-con-inner\">\n\t\t<div class=\"elementor-element elementor-element-bd77743 e-con-full e-flex e-con e-child\" data-id=\"bd77743\" data-element_type=\"container\" data-e-type=\"container\">\n\t\t\t\t<div class=\"elementor-element elementor-element-86c60d4 elementor-widget elementor-widget-heading\" data-id=\"86c60d4\" data-element_type=\"widget\" data-e-type=\"widget\" data-widget_type=\"heading.default\">\n\t\t\t\t\t<h2 class=\"elementor-heading-title elementor-size-default\">Promotions of the Month<\/h2>\t\t\t\t<\/div>\n\t\t\t\t<div class=\"elementor-element elementor-element-d24c8fd elementor-widget elementor-widget-text-editor\" data-id=\"d24c8fd\" data-element_type=\"widget\" data-e-type=\"widget\" data-widget_type=\"text-editor.default\">\n\t\t\t\t\t\t\t\t\t<p>Each month, we carefully select a number of exclusive offers so you can enjoy the Caribbean's most coveted destinations at special prices:<\/p><ul><li>Up to 30% Off All-Inclusive Resorts in Punta Cana<\/li><li>Free Nights: Pay 5 nights, enjoy 7 at select La Romana hotels<\/li><li>Children stay and eat free in Puerto Plata (restrictions apply)<\/li><li>Resort credits up to $200 to spend on spa, excursions, or gourmet dining<\/li><\/ul><p>\u00a0<\/p><p>These promotions are subject to availability and may change without notice. Book now to secure the best prices!<\/p>\t\t\t\t\t\t\t\t<\/div>\n\t\t\t\t<\/div>\n\t\t<div class=\"elementor-element elementor-element-ec16377 e-con-full e-flex e-con e-child\" data-id=\"ec16377\" data-element_type=\"container\" data-e-type=\"container\">\n\t\t\t\t<div class=\"elementor-element elementor-element-642778b e-transform elementor-widget elementor-widget-image\" data-id=\"642778b\" data-element_type=\"widget\" data-e-type=\"widget\" data-settings=\"{&quot;_transform_rotateZ_effect&quot;:{&quot;unit&quot;:&quot;px&quot;,&quot;size&quot;:2,&quot;sizes&quot;:[]},&quot;_transform_rotateZ_effect_tablet&quot;:{&quot;unit&quot;:&quot;deg&quot;,&quot;size&quot;:&quot;&quot;,&quot;sizes&quot;:[]},&quot;_transform_rotateZ_effect_mobile&quot;:{&quot;unit&quot;:&quot;deg&quot;,&quot;size&quot;:&quot;&quot;,&quot;sizes&quot;:[]}}\" data-widget_type=\"image.default\">\n\t\t\t\t\t\t\t\t\t\t\t\t\t\t\t<img fetchpriority=\"high\" decoding=\"async\" width=\"800\" height=\"730\" src=\"https:\/\/bavarodreamstravel.com\/wp-content\/uploads\/2025\/01\/ofertas.jpg\" class=\"attachment-full size-full wp-image-558\" alt=\"\" srcset=\"https:\/\/bavarodreamstravel.com\/wp-content\/uploads\/2025\/01\/ofertas.jpg 800w, https:\/\/bavarodreamstravel.com\/wp-content\/uploads\/2025\/01\/ofertas-300x274.jpg 300w, https:\/\/bavarodreamstravel.com\/wp-content\/uploads\/2025\/01\/ofertas-768x701.jpg 768w, https:\/\/bavarodreamstravel.com\/wp-content\/uploads\/2025\/01\/ofertas-13x12.jpg 13w, https:\/\/bavarodreamstravel.com\/wp-content\/uploads\/2025\/01\/ofertas-600x548.jpg 600w\" sizes=\"(max-width: 800px) 100vw, 800px\" \/>\t\t\t\t\t\t\t\t\t\t\t\t\t\t\t<\/div>\n\t\t\t\t<\/div>\n\t\t\t\t\t<\/div>\n\t\t\t\t<\/div>\n\t\t<div class=\"elementor-element elementor-element-b30ead6 e-flex e-con-boxed elementor-invisible e-con e-parent\" data-id=\"b30ead6\" data-element_type=\"container\" data-e-type=\"container\" data-settings=\"{&quot;background_background&quot;:&quot;classic&quot;,&quot;animation&quot;:&quot;fadeIn&quot;}\">\n\t\t\t\t\t<div class=\"e-con-inner\">\n\t\t<div class=\"elementor-element elementor-element-5e84173 e-con-full e-flex e-con e-child\" data-id=\"5e84173\" data-element_type=\"container\" data-e-type=\"container\">\n\t\t\t\t<div class=\"elementor-element elementor-element-16c319f e-transform elementor-widget elementor-widget-image\" data-id=\"16c319f\" data-element_type=\"widget\" data-e-type=\"widget\" data-settings=\"{&quot;_transform_rotateZ_effect&quot;:{&quot;unit&quot;:&quot;px&quot;,&quot;size&quot;:-4,&quot;sizes&quot;:[]},&quot;_transform_rotateZ_effect_tablet&quot;:{&quot;unit&quot;:&quot;deg&quot;,&quot;size&quot;:&quot;&quot;,&quot;sizes&quot;:[]},&quot;_transform_rotateZ_effect_mobile&quot;:{&quot;unit&quot;:&quot;deg&quot;,&quot;size&quot;:&quot;&quot;,&quot;sizes&quot;:[]}}\" data-widget_type=\"image.default\">\n\t\t\t\t\t\t\t\t\t\t\t\t\t\t\t<img decoding=\"async\" width=\"800\" height=\"680\" src=\"https:\/\/bavarodreamstravel.com\/wp-content\/uploads\/2025\/01\/todo-incluido.jpg\" class=\"attachment-full size-full wp-image-563\" alt=\"\" srcset=\"https:\/\/bavarodreamstravel.com\/wp-content\/uploads\/2025\/01\/todo-incluido.jpg 800w, https:\/\/bavarodreamstravel.com\/wp-content\/uploads\/2025\/01\/todo-incluido-300x255.jpg 300w, https:\/\/bavarodreamstravel.com\/wp-content\/uploads\/2025\/01\/todo-incluido-768x653.jpg 768w, https:\/\/bavarodreamstravel.com\/wp-content\/uploads\/2025\/01\/todo-incluido-14x12.jpg 14w, https:\/\/bavarodreamstravel.com\/wp-content\/uploads\/2025\/01\/todo-incluido-600x510.jpg 600w\" sizes=\"(max-width: 800px) 100vw, 800px\" \/>\t\t\t\t\t\t\t\t\t\t\t\t\t\t\t<\/div>\n\t\t\t\t<\/div>\n\t\t<div class=\"elementor-element elementor-element-96e921b e-con-full e-flex e-con e-child\" data-id=\"96e921b\" data-element_type=\"container\" data-e-type=\"container\">\n\t\t\t\t<div class=\"elementor-element elementor-element-d8221cb elementor-widget__width-auto elementor-absolute elementor-hidden-mobile elementor-widget elementor-widget-image\" data-id=\"d8221cb\" data-element_type=\"widget\" data-e-type=\"widget\" data-settings=\"{&quot;_position&quot;:&quot;absolute&quot;}\" data-widget_type=\"image.default\">\n\t\t\t\t\t\t\t\t\t\t\t\t\t\t\t<img decoding=\"async\" src=\"https:\/\/bavarodreamstravel.com\/wp-content\/uploads\/elementor\/thumbs\/shell_1-r01oplq311cvi5rqhe654ezrnwas7dihewkult0lxc.png\" title=\"shell_1.png\" alt=\"shell_1.png\" loading=\"lazy\" \/>\t\t\t\t\t\t\t\t\t\t\t\t\t\t\t<\/div>\n\t\t\t\t<div class=\"elementor-element elementor-element-b83821e elementor-widget elementor-widget-heading\" data-id=\"b83821e\" data-element_type=\"widget\" data-e-type=\"widget\" data-widget_type=\"heading.default\">\n\t\t\t\t\t<h4 class=\"elementor-heading-title elementor-size-default\">All-Inclusive Packages<\/h4>\t\t\t\t<\/div>\n\t\t\t\t<div class=\"elementor-element elementor-element-a241498 elementor-widget elementor-widget-text-editor\" data-id=\"a241498\" data-element_type=\"widget\" data-e-type=\"widget\" data-widget_type=\"text-editor.default\">\n\t\t\t\t\t\t\t\t\t<p>Enjoy a carefree vacation with our all-inclusive packages, designed to offer you maximum value:<\/p><ul><li>Romantic Package in Saman\u00e1: 5 nights of accommodation, flights, transfers, all meals and drinks, plus a candlelit dinner on the beach<\/li><li>Punta Cana Family Adventure: 7 nights in a family resort, flights, transfers, all meals and drinks, unlimited access to the water park and an excursion for the whole family<\/li><li>Luxury Getaway in Cap Cana: 4 nights in a luxury suite, business class flights, private transfers, gourmet cuisine, premium drinks and one spa treatment per person<\/li><\/ul><p>All of our all-inclusive packages are designed to provide you with a complete and hassle-free experience.<\/p>\t\t\t\t\t\t\t\t<\/div>\n\t\t\t\t<\/div>\n\t\t\t\t\t<\/div>\n\t\t\t\t<\/div>\n\t\t<div class=\"elementor-element elementor-element-725e0f0 e-flex e-con-boxed elementor-invisible e-con e-parent\" data-id=\"725e0f0\" data-element_type=\"container\" data-e-type=\"container\" data-settings=\"{&quot;background_background&quot;:&quot;classic&quot;,&quot;animation&quot;:&quot;fadeIn&quot;}\">\n\t\t\t\t\t<div class=\"e-con-inner\">\n\t\t<div class=\"elementor-element elementor-element-ba996ee e-con-full e-flex e-con e-child\" data-id=\"ba996ee\" data-element_type=\"container\" data-e-type=\"container\">\n\t\t\t\t<div class=\"elementor-element elementor-element-f979b26 elementor-widget elementor-widget-heading\" data-id=\"f979b26\" data-element_type=\"widget\" data-e-type=\"widget\" data-widget_type=\"heading.default\">\n\t\t\t\t\t<h2 class=\"elementor-heading-title elementor-size-default\">Last Minute Travel<\/h2>\t\t\t\t<\/div>\n\t\t\t\t<div class=\"elementor-element elementor-element-ea94b55 elementor-widget elementor-widget-text-editor\" data-id=\"ea94b55\" data-element_type=\"widget\" data-e-type=\"widget\" data-widget_type=\"text-editor.default\">\n\t\t\t\t\t\t\t\t\t<p>Looking for a spontaneous getaway? Our last-minute deals are perfect for those who can travel on short notice:<\/p><ul><li>Discounts of up to 40% on hotel rooms for bookings made less than 7 days in advance<\/li><li>Reduced airfares for flights in the next 72 hours<\/li><li>Surprise packages with destination revealed 48 hours before the trip, at incredibly low prices<\/li><\/ul>\t\t\t\t\t\t\t\t<\/div>\n\t\t\t\t<\/div>\n\t\t<div class=\"elementor-element elementor-element-13305d3 e-con-full e-flex e-con e-child\" data-id=\"13305d3\" data-element_type=\"container\" data-e-type=\"container\">\n\t\t\t\t<div class=\"elementor-element elementor-element-fb35ff1 e-transform elementor-widget elementor-widget-image\" data-id=\"fb35ff1\" data-element_type=\"widget\" data-e-type=\"widget\" data-settings=\"{&quot;_transform_rotateZ_effect&quot;:{&quot;unit&quot;:&quot;px&quot;,&quot;size&quot;:2,&quot;sizes&quot;:[]},&quot;_transform_rotateZ_effect_tablet&quot;:{&quot;unit&quot;:&quot;deg&quot;,&quot;size&quot;:&quot;&quot;,&quot;sizes&quot;:[]},&quot;_transform_rotateZ_effect_mobile&quot;:{&quot;unit&quot;:&quot;deg&quot;,&quot;size&quot;:&quot;&quot;,&quot;sizes&quot;:[]}}\" data-widget_type=\"image.default\">\n\t\t\t\t\t\t\t\t\t\t\t\t\t\t\t<img decoding=\"async\" width=\"900\" height=\"796\" src=\"https:\/\/bavarodreamstravel.com\/wp-content\/uploads\/2025\/01\/ultima-hora.jpg\" class=\"attachment-full size-full wp-image-567\" alt=\"\" srcset=\"https:\/\/bavarodreamstravel.com\/wp-content\/uploads\/2025\/01\/ultima-hora.jpg 900w, https:\/\/bavarodreamstravel.com\/wp-content\/uploads\/2025\/01\/ultima-hora-300x265.jpg 300w, https:\/\/bavarodreamstravel.com\/wp-content\/uploads\/2025\/01\/ultima-hora-768x679.jpg 768w, https:\/\/bavarodreamstravel.com\/wp-content\/uploads\/2025\/01\/ultima-hora-14x12.jpg 14w, https:\/\/bavarodreamstravel.com\/wp-content\/uploads\/2025\/01\/ultima-hora-600x531.jpg 600w\" sizes=\"(max-width: 900px) 100vw, 900px\" \/>\t\t\t\t\t\t\t\t\t\t\t\t\t\t\t<\/div>\n\t\t\t\t<\/div>\n\t\t\t\t\t<\/div>\n\t\t\t\t<\/div>\n\t\t<div class=\"elementor-element elementor-element-693ed85 e-flex e-con-boxed e-con e-parent\" data-id=\"693ed85\" data-element_type=\"container\" data-e-type=\"container\" data-settings=\"{&quot;background_background&quot;:&quot;classic&quot;}\">\n\t\t\t\t\t<div class=\"e-con-inner\">\n\t\t<div class=\"elementor-element elementor-element-cc03c63 e-con-full e-flex elementor-invisible e-con e-child\" data-id=\"cc03c63\" data-element_type=\"container\" data-e-type=\"container\" data-settings=\"{&quot;animation&quot;:&quot;fadeInUp&quot;}\">\n\t\t\t\t<div class=\"elementor-element elementor-element-d7f374e elementor-widget elementor-widget-heading\" data-id=\"d7f374e\" data-element_type=\"widget\" data-e-type=\"widget\" data-widget_type=\"heading.default\">\n\t\t\t\t\t<h2 class=\"elementor-heading-title elementor-size-default\">At Bavaro Dreams Travel, we strive to make your dream vacation accessible and memorable. Whether you're planning ahead or looking for a last-minute getaway, we've got the perfect deal for you. Don't wait any longer to start your Caribbean adventure!\n<\/h2>\t\t\t\t<\/div>\n\t\t\t\t<div class=\"elementor-element elementor-element-a2a1037 elementor-align-center elementor-widget elementor-widget-button\" data-id=\"a2a1037\" data-element_type=\"widget\" data-e-type=\"widget\" data-widget_type=\"button.default\">\n\t\t\t\t\t\t\t\t\t\t<a class=\"elementor-button elementor-button-link elementor-size-md\" href=\"https:\/\/bavarodreamstravel.com\/en\/destinations\/\">\n\t\t\t\t\t\t<span class=\"elementor-button-content-wrapper\">\n\t\t\t\t\t\t\t\t\t<span class=\"elementor-button-text\">Get Offers<\/span>\n\t\t\t\t\t<\/span>\n\t\t\t\t\t<\/a>\n\t\t\t\t\t\t\t\t<\/div>\n\t\t\t\t<\/div>\n\t\t\t\t\t<\/div>\n\t\t\t\t<\/div>\n\t\t\t\t<\/div>","protected":false},"excerpt":{"rendered":"<p>Descubra las mejores ofertas y promociones para hacer realidad sus sue\u00f1os de viaje con B\u00e1varo Dreams Travel. Nuestro compromiso es brindarle experiencias inolvidables a precios incre\u00edbles. Promociones del Mes Cada mes, seleccionamos cuidadosamente una serie de ofertas exclusivas para que pueda disfrutar de los destinos m\u00e1s codiciados del Caribe a precios especiales: Hasta 30% de [&hellip;]<\/p>\n","protected":false},"author":3,"featured_media":0,"parent":0,"menu_order":0,"comment_status":"closed","ping_status":"closed","template":"","meta":{"_acf_changed":false,"footnotes":""},"class_list":["post-289","page","type-page","status-publish","hentry"],"acf":[],"_links":{"self":[{"href":"https:\/\/bavarodreamstravel.com\/en\/wp-json\/wp\/v2\/pages\/289","targetHints":{"allow":["GET"]}}],"collection":[{"href":"https:\/\/bavarodreamstravel.com\/en\/wp-json\/wp\/v2\/pages"}],"about":[{"href":"https:\/\/bavarodreamstravel.com\/en\/wp-json\/wp\/v2\/types\/page"}],"author":[{"embeddable":true,"href":"https:\/\/bavarodreamstravel.com\/en\/wp-json\/wp\/v2\/users\/3"}],"replies":[{"embeddable":true,"href":"https:\/\/bavarodreamstravel.com\/en\/wp-json\/wp\/v2\/comments?post=289"}],"version-history":[{"count":52,"href":"https:\/\/bavarodreamstravel.com\/en\/wp-json\/wp\/v2\/pages\/289\/revisions"}],"predecessor-version":[{"id":1227,"href":"https:\/\/bavarodreamstravel.com\/en\/wp-json\/wp\/v2\/pages\/289\/revisions\/1227"}],"wp:attachment":[{"href":"https:\/\/bavarodreamstravel.com\/en\/wp-json\/wp\/v2\/media?parent=289"}],"curies":[{"name":"wp","href":"https:\/\/api.w.org\/{rel}","templated":true}]}}