{"id":299,"date":"2025-01-20T19:29:38","date_gmt":"2025-01-20T19:29:38","guid":{"rendered":"https:\/\/bavarodreamstravel.com\/?page_id=299"},"modified":"2025-01-28T20:00:04","modified_gmt":"2025-01-28T20:00:04","slug":"frequently-asked-questions","status":"publish","type":"page","link":"https:\/\/bavarodreamstravel.com\/en\/preguntas-frecuentes\/","title":{"rendered":"Frequently Asked Questions"},"content":{"rendered":"<div data-elementor-type=\"wp-page\" data-elementor-id=\"299\" class=\"elementor elementor-299\" data-elementor-post-type=\"page\">\n\t\t\t\t<div class=\"elementor-element elementor-element-cd938ce e-con-full e-flex e-con e-parent\" data-id=\"cd938ce\" data-element_type=\"container\" data-e-type=\"container\" data-settings=\"{&quot;background_background&quot;:&quot;classic&quot;}\">\n\t\t<div class=\"elementor-element elementor-element-9541b43 e-con-full e-flex e-con e-child\" data-id=\"9541b43\" data-element_type=\"container\" data-e-type=\"container\">\n\t\t<div class=\"elementor-element elementor-element-049322b e-con-full e-flex e-con e-child\" data-id=\"049322b\" data-element_type=\"container\" data-e-type=\"container\" data-settings=\"{&quot;background_background&quot;:&quot;classic&quot;}\">\n\t\t<div class=\"elementor-element elementor-element-3d6b7b5 e-con-full e-flex elementor-invisible e-con e-child\" data-id=\"3d6b7b5\" data-element_type=\"container\" data-e-type=\"container\" data-settings=\"{&quot;animation&quot;:&quot;fadeInUp&quot;}\">\n\t\t\t\t<div class=\"elementor-element elementor-element-db337dc elementor-widget elementor-widget-heading\" data-id=\"db337dc\" data-element_type=\"widget\" data-e-type=\"widget\" data-widget_type=\"heading.default\">\n\t\t\t\t\t<h1 class=\"elementor-heading-title elementor-size-default\">Frequently Asked Questions<\/h1>\t\t\t\t<\/div>\n\t\t\t\t<div class=\"elementor-element elementor-element-c984665 elementor-widget elementor-widget-heading\" data-id=\"c984665\" data-element_type=\"widget\" data-e-type=\"widget\" data-widget_type=\"heading.default\">\n\t\t\t\t\t<p class=\"elementor-heading-title elementor-size-default\">At B\u00e1varo Dreams Travel, we understand that planning a trip can generate many doubts. We've compiled the most common questions to help you prepare for your next adventure with confidence.<\/p>\t\t\t\t<\/div>\n\t\t\t\t<\/div>\n\t\t\t\t<\/div>\n\t\t\t\t<\/div>\n\t\t\t\t<\/div>\n\t\t<div class=\"elementor-element elementor-element-c1702df e-flex e-con-boxed elementor-invisible e-con e-parent\" data-id=\"c1702df\" data-element_type=\"container\" data-e-type=\"container\" data-settings=\"{&quot;background_background&quot;:&quot;classic&quot;,&quot;animation&quot;:&quot;fadeIn&quot;}\">\n\t\t\t\t\t<div class=\"e-con-inner\">\n\t\t<div class=\"elementor-element elementor-element-cd4935f e-con-full e-flex e-con e-child\" data-id=\"cd4935f\" data-element_type=\"container\" data-e-type=\"container\">\n\t\t\t\t<div class=\"elementor-element elementor-element-618866d elementor-widget elementor-widget-heading\" data-id=\"618866d\" data-element_type=\"widget\" data-e-type=\"widget\" data-widget_type=\"heading.default\">\n\t\t\t\t\t<h2 class=\"elementor-heading-title elementor-size-default\">Reservations and Payments<\/h2>\t\t\t\t<\/div>\n\t\t\t\t<div class=\"elementor-element elementor-element-ce4c2ec elementor-widget elementor-widget-text-editor\" data-id=\"ce4c2ec\" data-element_type=\"widget\" data-e-type=\"widget\" data-widget_type=\"text-editor.default\">\n\t\t\t\t\t\t\t\t\t<h4>How far in advance should I book my trip?<\/h4><p>For the best rates and availability, we recommend booking:<\/p><ul><li>Domestic flights: 2-3 months in advance<\/li><li>International flights: 5-6 months in advance<\/li><li>Hotels: 3-4 months in advance<\/li><li>All-inclusive packages: 4-6 months in advance<\/li><\/ul><p>\u00a0<\/p><h4>What payment methods do you accept?<\/h4><p>We accept credit cards, bank transfers and cash payments at our offices. For your security, we do not accept card information via email.<\/p>\t\t\t\t\t\t\t\t<\/div>\n\t\t\t\t<div class=\"elementor-element elementor-element-1d75f09 elementor-widget elementor-widget-heading\" data-id=\"1d75f09\" data-element_type=\"widget\" data-e-type=\"widget\" data-widget_type=\"heading.default\">\n\t\t\t\t\t<h2 class=\"elementor-heading-title elementor-size-default\">Documentation and Travel Requirements<\/h2>\t\t\t\t<\/div>\n\t\t\t\t<div class=\"elementor-element elementor-element-ce0c02c elementor-widget elementor-widget-text-editor\" data-id=\"ce0c02c\" data-element_type=\"widget\" data-e-type=\"widget\" data-widget_type=\"text-editor.default\">\n\t\t\t\t\t\t\t\t\t<h4>What documents do I need to travel to the Dominican Republic?<\/h4><p>The requirements vary depending on your nationality. In general, you'll need:<\/p><ul><li>Passport valid for at least 6 months from the date of entry<\/li><li>Tourist Card (can be purchased upon arrival)<\/li><li>Return ticket<\/li><\/ul><h4>Do I need a visa to visit the Dominican Republic?<\/h4><p>Many countries are visa-exempt for short tourist stays. Check the specific requirements for your nationality on our website or with the Dominican embassy in your country.<\/p>\t\t\t\t\t\t\t\t<\/div>\n\t\t\t\t<div class=\"elementor-element elementor-element-ef15a90 elementor-widget elementor-widget-heading\" data-id=\"ef15a90\" data-element_type=\"widget\" data-e-type=\"widget\" data-widget_type=\"heading.default\">\n\t\t\t\t\t<h2 class=\"elementor-heading-title elementor-size-default\">Accommodation and Services<\/h2>\t\t\t\t<\/div>\n\t\t\t\t<div class=\"elementor-element elementor-element-7b4d268 elementor-widget elementor-widget-text-editor\" data-id=\"7b4d268\" data-element_type=\"widget\" data-e-type=\"widget\" data-widget_type=\"text-editor.default\">\n\t\t\t\t\t\t\t\t\t<h4>What types of accommodation do you offer?<\/h4><p>We offer a wide range of options, from all-inclusive resorts to boutique hotels and private villas. All our properties are carefully selected to guarantee the best quality and service.<\/p><h4>Do you include transfers from the airport to the hotel?<\/h4><p>Airport-hotel transfers are not included in all packages, but can be added for an additional cost. Some luxury packages do.<\/p>\t\t\t\t\t\t\t\t<\/div>\n\t\t\t\t<\/div>\n\t\t<div class=\"elementor-element elementor-element-e83a3a8 e-con-full e-flex e-con e-child\" data-id=\"e83a3a8\" data-element_type=\"container\" data-e-type=\"container\">\n\t\t\t\t<div class=\"elementor-element elementor-element-3850dc3 e-transform elementor-widget elementor-widget-image\" data-id=\"3850dc3\" data-element_type=\"widget\" data-e-type=\"widget\" data-settings=\"{&quot;_transform_rotateZ_effect&quot;:{&quot;unit&quot;:&quot;px&quot;,&quot;size&quot;:2,&quot;sizes&quot;:[]},&quot;_transform_rotateZ_effect_tablet&quot;:{&quot;unit&quot;:&quot;deg&quot;,&quot;size&quot;:&quot;&quot;,&quot;sizes&quot;:[]},&quot;_transform_rotateZ_effect_mobile&quot;:{&quot;unit&quot;:&quot;deg&quot;,&quot;size&quot;:&quot;&quot;,&quot;sizes&quot;:[]}}\" data-widget_type=\"image.default\">\n\t\t\t\t\t\t\t\t\t\t\t\t\t\t\t<img fetchpriority=\"high\" decoding=\"async\" width=\"900\" height=\"1024\" src=\"https:\/\/bavarodreamstravel.com\/wp-content\/uploads\/2025\/01\/faq3.jpg\" class=\"attachment-full size-full wp-image-731\" alt=\"\" srcset=\"https:\/\/bavarodreamstravel.com\/wp-content\/uploads\/2025\/01\/faq3.jpg 900w, https:\/\/bavarodreamstravel.com\/wp-content\/uploads\/2025\/01\/faq3-264x300.jpg 264w, https:\/\/bavarodreamstravel.com\/wp-content\/uploads\/2025\/01\/faq3-768x874.jpg 768w, https:\/\/bavarodreamstravel.com\/wp-content\/uploads\/2025\/01\/faq3-11x12.jpg 11w, https:\/\/bavarodreamstravel.com\/wp-content\/uploads\/2025\/01\/faq3-600x683.jpg 600w\" sizes=\"(max-width: 900px) 100vw, 900px\" \/>\t\t\t\t\t\t\t\t\t\t\t\t\t\t\t<\/div>\n\t\t\t\t<div class=\"elementor-element elementor-element-ebfc86c e-transform elementor-invisible elementor-widget elementor-widget-image\" data-id=\"ebfc86c\" data-element_type=\"widget\" data-e-type=\"widget\" data-settings=\"{&quot;_transform_rotateZ_effect&quot;:{&quot;unit&quot;:&quot;px&quot;,&quot;size&quot;:-4,&quot;sizes&quot;:[]},&quot;_animation&quot;:&quot;rotateInUpRight&quot;,&quot;_transform_rotateZ_effect_tablet&quot;:{&quot;unit&quot;:&quot;deg&quot;,&quot;size&quot;:&quot;&quot;,&quot;sizes&quot;:[]},&quot;_transform_rotateZ_effect_mobile&quot;:{&quot;unit&quot;:&quot;deg&quot;,&quot;size&quot;:&quot;&quot;,&quot;sizes&quot;:[]}}\" data-widget_type=\"image.default\">\n\t\t\t\t\t\t\t\t\t\t\t\t\t\t\t<img decoding=\"async\" width=\"900\" height=\"699\" src=\"https:\/\/bavarodreamstravel.com\/wp-content\/uploads\/2025\/01\/faq.jpg\" class=\"attachment-full size-full wp-image-724\" alt=\"\" srcset=\"https:\/\/bavarodreamstravel.com\/wp-content\/uploads\/2025\/01\/faq.jpg 900w, https:\/\/bavarodreamstravel.com\/wp-content\/uploads\/2025\/01\/faq-300x233.jpg 300w, https:\/\/bavarodreamstravel.com\/wp-content\/uploads\/2025\/01\/faq-768x596.jpg 768w, https:\/\/bavarodreamstravel.com\/wp-content\/uploads\/2025\/01\/faq-15x12.jpg 15w, https:\/\/bavarodreamstravel.com\/wp-content\/uploads\/2025\/01\/faq-600x466.jpg 600w\" sizes=\"(max-width: 900px) 100vw, 900px\" \/>\t\t\t\t\t\t\t\t\t\t\t\t\t\t\t<\/div>\n\t\t\t\t<\/div>\n\t\t\t\t\t<\/div>\n\t\t\t\t<\/div>\n\t\t<div class=\"elementor-element elementor-element-8b119bf e-flex e-con-boxed elementor-invisible e-con e-parent\" data-id=\"8b119bf\" data-element_type=\"container\" data-e-type=\"container\" data-settings=\"{&quot;background_background&quot;:&quot;classic&quot;,&quot;animation&quot;:&quot;fadeIn&quot;}\">\n\t\t\t\t\t<div class=\"e-con-inner\">\n\t\t<div class=\"elementor-element elementor-element-98f9d2b e-con-full e-flex e-con e-child\" data-id=\"98f9d2b\" data-element_type=\"container\" data-e-type=\"container\">\n\t\t\t\t<div class=\"elementor-element elementor-element-c1b9a9a e-transform elementor-invisible elementor-widget elementor-widget-image\" data-id=\"c1b9a9a\" data-element_type=\"widget\" data-e-type=\"widget\" data-settings=\"{&quot;_transform_rotateZ_effect&quot;:{&quot;unit&quot;:&quot;px&quot;,&quot;size&quot;:-4,&quot;sizes&quot;:[]},&quot;_animation&quot;:&quot;rotateInUpRight&quot;,&quot;_transform_rotateZ_effect_tablet&quot;:{&quot;unit&quot;:&quot;deg&quot;,&quot;size&quot;:&quot;&quot;,&quot;sizes&quot;:[]},&quot;_transform_rotateZ_effect_mobile&quot;:{&quot;unit&quot;:&quot;deg&quot;,&quot;size&quot;:&quot;&quot;,&quot;sizes&quot;:[]}}\" data-widget_type=\"image.default\">\n\t\t\t\t\t\t\t\t\t\t\t\t\t\t\t<img decoding=\"async\" width=\"800\" height=\"1366\" src=\"https:\/\/bavarodreamstravel.com\/wp-content\/uploads\/2025\/01\/faq2.jpg\" class=\"attachment-full size-full wp-image-726\" alt=\"\" srcset=\"https:\/\/bavarodreamstravel.com\/wp-content\/uploads\/2025\/01\/faq2.jpg 800w, https:\/\/bavarodreamstravel.com\/wp-content\/uploads\/2025\/01\/faq2-176x300.jpg 176w, https:\/\/bavarodreamstravel.com\/wp-content\/uploads\/2025\/01\/faq2-600x1025.jpg 600w, https:\/\/bavarodreamstravel.com\/wp-content\/uploads\/2025\/01\/faq2-768x1311.jpg 768w, https:\/\/bavarodreamstravel.com\/wp-content\/uploads\/2025\/01\/faq2-7x12.jpg 7w\" sizes=\"(max-width: 800px) 100vw, 800px\" \/>\t\t\t\t\t\t\t\t\t\t\t\t\t\t\t<\/div>\n\t\t\t\t<\/div>\n\t\t<div class=\"elementor-element elementor-element-b54411d e-con-full e-flex e-con e-child\" data-id=\"b54411d\" data-element_type=\"container\" data-e-type=\"container\">\n\t\t\t\t<div class=\"elementor-element elementor-element-2c9724b elementor-widget__width-auto elementor-absolute elementor-widget elementor-widget-image\" data-id=\"2c9724b\" data-element_type=\"widget\" data-e-type=\"widget\" data-settings=\"{&quot;_position&quot;:&quot;absolute&quot;}\" data-widget_type=\"image.default\">\n\t\t\t\t\t\t\t\t\t\t\t\t\t\t\t<img decoding=\"async\" src=\"https:\/\/bavarodreamstravel.com\/wp-content\/uploads\/elementor\/thumbs\/shell_1-r01oplq311cvi5rqhe654ezrnwas7dihewkult0lxc.png\" title=\"shell_1.png\" alt=\"shell_1.png\" loading=\"lazy\" \/>\t\t\t\t\t\t\t\t\t\t\t\t\t\t\t<\/div>\n\t\t\t\t<div class=\"elementor-element elementor-element-3d321f4 elementor-widget elementor-widget-heading\" data-id=\"3d321f4\" data-element_type=\"widget\" data-e-type=\"widget\" data-widget_type=\"heading.default\">\n\t\t\t\t\t<h4 class=\"elementor-heading-title elementor-size-default\">Health and Safety<\/h4>\t\t\t\t<\/div>\n\t\t\t\t<div class=\"elementor-element elementor-element-c13ef9a elementor-widget elementor-widget-text-editor\" data-id=\"c13ef9a\" data-element_type=\"widget\" data-e-type=\"widget\" data-widget_type=\"text-editor.default\">\n\t\t\t\t\t\t\t\t\t<h4>Do I need any vaccinations to travel to Dominican Republic?<\/h4><p>No specific vaccinations are required to enter the Dominican Republic. However, we recommend consulting with your doctor about recommended vaccinations based on your medical history.<\/p><h4>Is it safe to travel to the Dominican Republic?<\/h4><p>The Dominican Republic is generally safe for tourists. As with any destination, we recommend taking basic precautions and keeping an eye on your belongings.<\/p>\t\t\t\t\t\t\t\t<\/div>\n\t\t\t\t<div class=\"elementor-element elementor-element-82b3df2 elementor-widget elementor-widget-heading\" data-id=\"82b3df2\" data-element_type=\"widget\" data-e-type=\"widget\" data-widget_type=\"heading.default\">\n\t\t\t\t\t<h2 class=\"elementor-heading-title elementor-size-default\">Activities and Excursions<\/h2>\t\t\t\t<\/div>\n\t\t\t\t<div class=\"elementor-element elementor-element-61d5d14 elementor-widget elementor-widget-text-editor\" data-id=\"61d5d14\" data-element_type=\"widget\" data-e-type=\"widget\" data-widget_type=\"text-editor.default\">\n\t\t\t\t\t\t\t\t\t<h4>Can I book tours once I arrive at my destination?<\/h4><p>Yes, you can book tours locally. However, to ensure availability, especially in high season, we recommend booking in advance.<\/p><h4>Do you offer options for travelers with reduced mobility?<\/h4><p>Yes, we have options adapted for travelers with special needs. Please let us know at the time of your booking to ensure your experience is comfortable and enjoyable.<\/p>\t\t\t\t\t\t\t\t<\/div>\n\t\t\t\t<div class=\"elementor-element elementor-element-2e2d2b8 elementor-widget elementor-widget-heading\" data-id=\"2e2d2b8\" data-element_type=\"widget\" data-e-type=\"widget\" data-widget_type=\"heading.default\">\n\t\t\t\t\t<h2 class=\"elementor-heading-title elementor-size-default\">Cancellation and Change Policies<\/h2>\t\t\t\t<\/div>\n\t\t\t\t<div class=\"elementor-element elementor-element-2dc556c elementor-widget elementor-widget-text-editor\" data-id=\"2dc556c\" data-element_type=\"widget\" data-e-type=\"widget\" data-widget_type=\"text-editor.default\">\n\t\t\t\t\t\t\t\t\t<p>What is your cancellation policy?<\/p><p>Our cancellation policies vary depending on the type of booking and the season. In general, we offer full refunds for cancellations made more than 30 days in advance. For specific details, please refer to the terms and conditions of your booking.<\/p><p>Can I modify my booking after confirming it?<\/p><p>Yes, in most cases it is possible to make changes. Fees may apply depending on the exchange rate and proximity to the date of travel. Contact our customer service team for assistance. For more information or specific questions, please feel free to contact us. We are here to make your trip an unforgettable experience.<\/p>\t\t\t\t\t\t\t\t<\/div>\n\t\t\t\t<\/div>\n\t\t\t\t\t<\/div>\n\t\t\t\t<\/div>\n\t\t\t\t<\/div>","protected":false},"excerpt":{"rendered":"<p>En B\u00e1varo Dreams Travel, entendemos que planificar un viaje puede generar muchas dudas. Hemos recopilado las preguntas m\u00e1s comunes para ayudarle a preparar su pr\u00f3xima aventura con confianza. Reservas y Pagos \u00bfCon cu\u00e1nta anticipaci\u00f3n debo reservar mi viaje? Para obtener las mejores tarifas y disponibilidad, recomendamos reservar: Vuelos dom\u00e9sticos: 2-3 meses de anticipaci\u00f3n Vuelos internacionales: [&hellip;]<\/p>\n","protected":false},"author":3,"featured_media":0,"parent":0,"menu_order":0,"comment_status":"closed","ping_status":"closed","template":"","meta":{"_acf_changed":false,"footnotes":""},"class_list":["post-299","page","type-page","status-publish","hentry"],"acf":[],"_links":{"self":[{"href":"https:\/\/bavarodreamstravel.com\/en\/wp-json\/wp\/v2\/pages\/299","targetHints":{"allow":["GET"]}}],"collection":[{"href":"https:\/\/bavarodreamstravel.com\/en\/wp-json\/wp\/v2\/pages"}],"about":[{"href":"https:\/\/bavarodreamstravel.com\/en\/wp-json\/wp\/v2\/types\/page"}],"author":[{"embeddable":true,"href":"https:\/\/bavarodreamstravel.com\/en\/wp-json\/wp\/v2\/users\/3"}],"replies":[{"embeddable":true,"href":"https:\/\/bavarodreamstravel.com\/en\/wp-json\/wp\/v2\/comments?post=299"}],"version-history":[{"count":34,"href":"https:\/\/bavarodreamstravel.com\/en\/wp-json\/wp\/v2\/pages\/299\/revisions"}],"predecessor-version":[{"id":1174,"href":"https:\/\/bavarodreamstravel.com\/en\/wp-json\/wp\/v2\/pages\/299\/revisions\/1174"}],"wp:attachment":[{"href":"https:\/\/bavarodreamstravel.com\/en\/wp-json\/wp\/v2\/media?parent=299"}],"curies":[{"name":"wp","href":"https:\/\/api.w.org\/{rel}","templated":true}]}}