{"id":307,"date":"2025-01-20T19:41:03","date_gmt":"2025-01-20T19:41:03","guid":{"rendered":"https:\/\/bavarodreamstravel.com\/?page_id=307"},"modified":"2025-11-25T14:12:17","modified_gmt":"2025-11-25T14:12:17","slug":"privacy-policy","status":"publish","type":"page","link":"https:\/\/bavarodreamstravel.com\/en\/politica-de-privacidad\/","title":{"rendered":"Privacy Policy"},"content":{"rendered":"<div data-elementor-type=\"wp-page\" data-elementor-id=\"307\" class=\"elementor elementor-307\" data-elementor-post-type=\"page\">\n\t\t\t\t<div class=\"elementor-element elementor-element-466ba88 e-con-full e-flex e-con e-parent\" data-id=\"466ba88\" data-element_type=\"container\" data-e-type=\"container\" data-settings=\"{&quot;background_background&quot;:&quot;classic&quot;}\">\n\t\t<div class=\"elementor-element elementor-element-49b29bb e-con-full e-flex e-con e-child\" data-id=\"49b29bb\" data-element_type=\"container\" data-e-type=\"container\">\n\t\t<div class=\"elementor-element elementor-element-e19fabd e-con-full e-flex e-con e-child\" data-id=\"e19fabd\" data-element_type=\"container\" data-e-type=\"container\" data-settings=\"{&quot;background_background&quot;:&quot;classic&quot;}\">\n\t\t<div class=\"elementor-element elementor-element-a627961 e-con-full e-flex elementor-invisible e-con e-child\" data-id=\"a627961\" data-element_type=\"container\" data-e-type=\"container\" data-settings=\"{&quot;animation&quot;:&quot;fadeInUp&quot;}\">\n\t\t\t\t<div class=\"elementor-element elementor-element-38dd8cf elementor-widget elementor-widget-heading\" data-id=\"38dd8cf\" data-element_type=\"widget\" data-e-type=\"widget\" data-widget_type=\"heading.default\">\n\t\t\t\t\t<h1 class=\"elementor-heading-title elementor-size-default\">Privacy Policy<\/h1>\t\t\t\t<\/div>\n\t\t\t\t<\/div>\n\t\t\t\t<\/div>\n\t\t\t\t<\/div>\n\t\t\t\t<\/div>\n\t\t<div class=\"elementor-element elementor-element-dc46b4c e-flex e-con-boxed e-con e-parent\" data-id=\"dc46b4c\" data-element_type=\"container\" data-e-type=\"container\">\n\t\t\t\t\t<div class=\"e-con-inner\">\n\t\t\t\t<div class=\"elementor-element elementor-element-cabc250 elementor-widget elementor-widget-text-editor\" data-id=\"cabc250\" data-element_type=\"widget\" data-e-type=\"widget\" data-widget_type=\"text-editor.default\">\n\t\t\t\t\t\t\t\t\t<h2>Privacy Policy of B\u00e1varo Dreams Travel<\/h2><p><strong>Last Updated:<\/strong> January 16, 2025<\/p><h4>Introduction<\/h4><p>B\u00e1varo Dreams Travel, hereinafter \"the Company\", respects your privacy and is committed to protecting your personal data. This Privacy Policy describes how we collect, use, and protect your personal information in accordance with Law No. 172-13 on the Protection of Personal Data of the Dominican Republic and other applicable laws.<\/p><h4>Information We Collect<\/h4><p>We collect the following personal information:<\/p><ul><li>Full name<\/li><li>Email address<\/li><li>Phone Number<\/li><li>Mailing address<\/li><li>Payment information (partial, first 6 and last 4 digits of credit cards only)<\/li><li>Travel Preferences<\/li><li>Booking history<\/li><\/ul><h4>How We Use Your Information<\/h4><p>We use your personal information to:<\/p><ul><li>Process bookings and payments<\/li><li>Provide travel services<\/li><li>Communicate with you about your bookings<\/li><li>Improve our services<\/li><li>Comply with legal obligations<\/li><\/ul><h4>Legal basis for processing<\/h4><p>We process your personal data based on:<\/p><ul><li>Your Consent<\/li><li>The performance of a contract<\/li><li>Our legitimate interests<\/li><li>Compliance with legal obligations<\/li><\/ul><h4>Sharing information<\/h4><p>We may share your information with:<\/p><ul><li>Service providers (hotels, airlines, etc.)<\/li><li>Payment Processors<\/li><li>Government authorities when required by law<\/li><\/ul><h4>Data Security<\/h4><p>We implement technical and organizational security measures to protect your personal data.<\/p><h4>Your Rights<\/h4><p>You have the right to:<\/p><ul><li>Access your personal data<\/li><li>Rectify inaccurate data<\/li><li>Request deletion of your data<\/li><li>Object to the processing of your data<\/li><li>Withdraw your consent at any time<\/li><\/ul><h4>Data Retention<\/h4><p>We retain your personal data for as long as necessary for the purposes set out in this policy and to comply with our legal obligations.<\/p><h4>Changes to this Policy<\/h4><p>We may update this policy from time to time. The date of the last update will be indicated at the beginning of the document.<\/p><h4>Contact<\/h4><p>To exercise your rights or make inquiries about this policy, please contact us at the contact email available on our website.<\/p><p>This Privacy Policy is governed by the laws of the Dominican Republic.<\/p>\t\t\t\t\t\t\t\t<\/div>\n\t\t\t\t<div class=\"elementor-element elementor-element-25fa0aa = no-text-select elementor-widget elementor-widget-heading\" data-id=\"25fa0aa\" data-element_type=\"widget\" data-e-type=\"widget\" data-widget_type=\"heading.default\">\n\t\t\t\t\t<h2 class=\"elementor-heading-title elementor-size-default\">Copyright \u00a9 2025. Bavaro Dreams Travel<\/h2>\t\t\t\t<\/div>\n\t\t\t\t\t<\/div>\n\t\t\t\t<\/div>\n\t\t\t\t<\/div>","protected":false},"excerpt":{"rendered":"<p>Pol\u00edtica de Privacidad de B\u00e1varo Dreams Travel Fecha de \u00faltima actualizaci\u00f3n: 16 de enero de 2025 Introducci\u00f3n B\u00e1varo Dreams Travel, en adelante \u00abla Compa\u00f1\u00eda\u00bb, respeta su privacidad y se compromete a proteger sus datos personales. Esta Pol\u00edtica de Privacidad describe c\u00f3mo recopilamos, utilizamos y protegemos su informaci\u00f3n personal de acuerdo con la Ley No. 172-13 [&hellip;]<\/p>\n","protected":false},"author":3,"featured_media":0,"parent":0,"menu_order":0,"comment_status":"closed","ping_status":"closed","template":"","meta":{"_acf_changed":false,"footnotes":""},"class_list":["post-307","page","type-page","status-publish","hentry"],"acf":[],"_links":{"self":[{"href":"https:\/\/bavarodreamstravel.com\/en\/wp-json\/wp\/v2\/pages\/307","targetHints":{"allow":["GET"]}}],"collection":[{"href":"https:\/\/bavarodreamstravel.com\/en\/wp-json\/wp\/v2\/pages"}],"about":[{"href":"https:\/\/bavarodreamstravel.com\/en\/wp-json\/wp\/v2\/types\/page"}],"author":[{"embeddable":true,"href":"https:\/\/bavarodreamstravel.com\/en\/wp-json\/wp\/v2\/users\/3"}],"replies":[{"embeddable":true,"href":"https:\/\/bavarodreamstravel.com\/en\/wp-json\/wp\/v2\/comments?post=307"}],"version-history":[{"count":19,"href":"https:\/\/bavarodreamstravel.com\/en\/wp-json\/wp\/v2\/pages\/307\/revisions"}],"predecessor-version":[{"id":1602,"href":"https:\/\/bavarodreamstravel.com\/en\/wp-json\/wp\/v2\/pages\/307\/revisions\/1602"}],"wp:attachment":[{"href":"https:\/\/bavarodreamstravel.com\/en\/wp-json\/wp\/v2\/media?parent=307"}],"curies":[{"name":"wp","href":"https:\/\/api.w.org\/{rel}","templated":true}]}}